{"id":18674,"date":"2025-06-23T22:35:46","date_gmt":"2025-06-23T22:35:46","guid":{"rendered":"https:\/\/mivalle.net\/filtros\/?page_id=18674"},"modified":"2025-09-02T16:27:56","modified_gmt":"2025-09-02T16:27:56","slug":"nosotros","status":"publish","type":"page","link":"https:\/\/mivalle.net\/filtros\/nosotros\/","title":{"rendered":"Nosotros"},"content":{"rendered":"\t\t<div data-elementor-type=\"wp-page\" data-elementor-id=\"18674\" class=\"elementor elementor-18674\">\n\t\t\t\t<div class=\"elementor-element elementor-element-e3022d1 e-flex e-con-boxed e-con e-parent\" data-id=\"e3022d1\" data-element_type=\"container\">\n\t\t\t\t\t<div class=\"e-con-inner\">\n\t\t<div class=\"elementor-element elementor-element-de7d07b e-con-full e-flex e-con e-child\" data-id=\"de7d07b\" data-element_type=\"container\">\n\t\t\t\t<div class=\"elementor-element elementor-element-3f94c80 elementor-widget elementor-widget-heading\" data-id=\"3f94c80\" data-element_type=\"widget\" data-widget_type=\"heading.default\">\n\t\t\t\t<div class=\"elementor-widget-container\">\n\t\t\t\t\t<h2 class=\"elementor-heading-title elementor-size-default\">Somos<\/h2>\t\t\t\t<\/div>\n\t\t\t\t<\/div>\n\t\t\t\t<div class=\"elementor-element elementor-element-afcd139 elementor-widget elementor-widget-heading\" data-id=\"afcd139\" data-element_type=\"widget\" data-widget_type=\"heading.default\">\n\t\t\t\t<div class=\"elementor-widget-container\">\n\t\t\t\t\t<h2 class=\"elementor-heading-title elementor-size-default\">Filtros y filtros<\/h2>\t\t\t\t<\/div>\n\t\t\t\t<\/div>\n\t\t\t\t<div class=\"elementor-element elementor-element-e60a7a0 elementor-widget__width-initial elementor-widget elementor-widget-text-editor\" data-id=\"e60a7a0\" data-element_type=\"widget\" data-widget_type=\"text-editor.default\">\n\t\t\t\t<div class=\"elementor-widget-container\">\n\t\t\t\t\t\t\t\t\t<p>Ofrecemos Filtros, lubricantes, refrigerantes y productos para el mantenimiento y embellecimiento de veh\u00edculos y equipos.<\/p>\t\t\t\t\t\t\t\t<\/div>\n\t\t\t\t<\/div>\n\t\t\t\t<\/div>\n\t\t\t\t\t<\/div>\n\t\t\t\t<\/div>\n\t\t<div class=\"elementor-element elementor-element-d2b62ef e-flex e-con-boxed e-con e-parent\" data-id=\"d2b62ef\" data-element_type=\"container\">\n\t\t\t\t\t<div class=\"e-con-inner\">\n\t\t<div class=\"elementor-element elementor-element-5b01b60 e-con-full e-flex e-con e-child\" data-id=\"5b01b60\" data-element_type=\"container\" data-settings=\"{&quot;background_background&quot;:&quot;classic&quot;}\">\n\t\t\t\t<div class=\"elementor-element elementor-element-03c8a95 elementor-widget elementor-widget-image\" data-id=\"03c8a95\" data-element_type=\"widget\" data-widget_type=\"image.default\">\n\t\t\t\t<div class=\"elementor-widget-container\">\n\t\t\t\t\t\t\t\t\t\t\t\t\t\t\t<img fetchpriority=\"high\" decoding=\"async\" width=\"660\" height=\"473\" src=\"https:\/\/mivalle.net\/filtros\/wp-content\/uploads\/2025\/08\/filtros-mas-de-30-anos-de-experiencia-1024x734.png\" class=\"attachment-large size-large wp-image-18947\" alt=\"\" srcset=\"https:\/\/mivalle.net\/filtros\/wp-content\/uploads\/2025\/08\/filtros-mas-de-30-anos-de-experiencia-1024x734.png 1024w, https:\/\/mivalle.net\/filtros\/wp-content\/uploads\/2025\/08\/filtros-mas-de-30-anos-de-experiencia-300x215.png 300w, https:\/\/mivalle.net\/filtros\/wp-content\/uploads\/2025\/08\/filtros-mas-de-30-anos-de-experiencia-768x550.png 768w, https:\/\/mivalle.net\/filtros\/wp-content\/uploads\/2025\/08\/filtros-mas-de-30-anos-de-experiencia.png 1080w\" sizes=\"(max-width: 660px) 100vw, 660px\" \/>\t\t\t\t\t\t\t\t\t\t\t\t\t\t\t<\/div>\n\t\t\t\t<\/div>\n\t\t\t\t<\/div>\n\t\t<div class=\"elementor-element elementor-element-ef6bf39 e-con-full e-flex e-con e-child\" data-id=\"ef6bf39\" data-element_type=\"container\" data-settings=\"{&quot;background_background&quot;:&quot;classic&quot;}\">\n\t\t\t\t<div class=\"elementor-element elementor-element-8d77303 elementor-widget elementor-widget-text-editor\" data-id=\"8d77303\" data-element_type=\"widget\" data-widget_type=\"text-editor.default\">\n\t\t\t\t<div class=\"elementor-widget-container\">\n\t\t\t\t\t\t\t\t\t<p>Nos mueve el aportar a nuestros clientes en el crecimiento de la rentabilidad de sus negocios a trav\u00e9s de soluciones probadamente eficaces por su innovaci\u00f3n, calidad y soporte t\u00e9cnico, convirti\u00e9ndonos en el aliado ideal para el\u00a0 desarrollo y crecimiento de las empresas del pa\u00eds.\u00a0<\/p><p>Aportamos talento, conocimiento e ideas que le permiten a nuestros clientes obtener el mayor beneficio a los productos que ofrecemos<\/p>\t\t\t\t\t\t\t\t<\/div>\n\t\t\t\t<\/div>\n\t\t\t\t<\/div>\n\t\t\t\t\t<\/div>\n\t\t\t\t<\/div>\n\t\t<div class=\"elementor-element elementor-element-a32feec e-con-full e-flex e-con e-parent\" data-id=\"a32feec\" data-element_type=\"container\" data-settings=\"{&quot;background_background&quot;:&quot;classic&quot;}\">\n\t\t<div class=\"elementor-element elementor-element-e8e60af e-con-full e-flex e-con e-child\" data-id=\"e8e60af\" data-element_type=\"container\">\n\t\t\t\t<div class=\"elementor-element elementor-element-dea2872 elementor-widget elementor-widget-spacer\" data-id=\"dea2872\" data-element_type=\"widget\" data-widget_type=\"spacer.default\">\n\t\t\t\t<div class=\"elementor-widget-container\">\n\t\t\t\t\t\t\t<div class=\"elementor-spacer\">\n\t\t\t<div class=\"elementor-spacer-inner\"><\/div>\n\t\t<\/div>\n\t\t\t\t\t\t<\/div>\n\t\t\t\t<\/div>\n\t\t\t\t<div class=\"elementor-element elementor-element-6ace00b elementor-widget elementor-widget-text-editor\" data-id=\"6ace00b\" data-element_type=\"widget\" data-widget_type=\"text-editor.default\">\n\t\t\t\t<div class=\"elementor-widget-container\">\n\t\t\t\t\t\t\t\t\t<p>Nuestra <span style=\"color: #cd1135;\">historia<\/span><\/p>\t\t\t\t\t\t\t\t<\/div>\n\t\t\t\t<\/div>\n\t\t\t\t<div class=\"elementor-element elementor-element-ddd2a2d elementor-widget elementor-widget-text-editor\" data-id=\"ddd2a2d\" data-element_type=\"widget\" data-widget_type=\"text-editor.default\">\n\t\t\t\t<div class=\"elementor-widget-container\">\n\t\t\t\t\t\t\t\t\t<p>FILTROS Y FILTROS es una sociedad que fue fundada el 17 de septiembre de 1982. El almac\u00e9n se encuentra ubicado en el norte de Cali en la Calle 25N con Avenida 2 DN 55, se cuenta con m\u00e1s de 10.000 clientes, dentro de los cuales est\u00e1n los ingenios, Servitecas, Estaciones de servicio, Lavaderos, Cambiadores de aceite, Empresas de buses, Transportadoras, Haciendas, particulares, entre otras.\u00a0<\/p><p>La empresa distribuye varias marcas de filtros, aceites, bater\u00edas y accesorios para el embellecimiento de veh\u00edculos.<\/p><p>En cada venta que se realiza se presta un servicio de asesor\u00eda al cliente contando con los cat\u00e1logos enviados por las f\u00e1bricas y con la experiencia que tiene cada uno de los vendedores..<\/p>\t\t\t\t\t\t\t\t<\/div>\n\t\t\t\t<\/div>\n\t\t\t\t<div class=\"elementor-element elementor-element-35af780 elementor-widget elementor-widget-spacer\" data-id=\"35af780\" data-element_type=\"widget\" data-widget_type=\"spacer.default\">\n\t\t\t\t<div class=\"elementor-widget-container\">\n\t\t\t\t\t\t\t<div class=\"elementor-spacer\">\n\t\t\t<div class=\"elementor-spacer-inner\"><\/div>\n\t\t<\/div>\n\t\t\t\t\t\t<\/div>\n\t\t\t\t<\/div>\n\t\t\t\t<\/div>\n\t\t<div class=\"elementor-element elementor-element-5854ef4 e-con-full e-flex e-con e-child\" data-id=\"5854ef4\" data-element_type=\"container\" data-settings=\"{&quot;background_background&quot;:&quot;classic&quot;}\">\n\t\t\t\t<div class=\"elementor-element elementor-element-9da835e elementor-widget elementor-widget-spacer\" data-id=\"9da835e\" data-element_type=\"widget\" data-widget_type=\"spacer.default\">\n\t\t\t\t<div class=\"elementor-widget-container\">\n\t\t\t\t\t\t\t<div class=\"elementor-spacer\">\n\t\t\t<div class=\"elementor-spacer-inner\"><\/div>\n\t\t<\/div>\n\t\t\t\t\t\t<\/div>\n\t\t\t\t<\/div>\n\t\t\t\t<\/div>\n\t\t\t\t<\/div>\n\t\t<div class=\"elementor-element elementor-element-573245a e-flex e-con-boxed e-con e-parent\" data-id=\"573245a\" data-element_type=\"container\">\n\t\t\t\t\t<div class=\"e-con-inner\">\n\t\t<div class=\"elementor-element elementor-element-07e0bdc e-con-full e-flex e-con e-child\" data-id=\"07e0bdc\" data-element_type=\"container\">\n\t\t\t\t<div class=\"elementor-element elementor-element-7913ae5 elementor-widget elementor-widget-heading\" data-id=\"7913ae5\" data-element_type=\"widget\" data-widget_type=\"heading.default\">\n\t\t\t\t<div class=\"elementor-widget-container\">\n\t\t\t\t\t<h2 class=\"elementor-heading-title elementor-size-default\">Valores<\/h2>\t\t\t\t<\/div>\n\t\t\t\t<\/div>\n\t\t\t\t<div class=\"elementor-element elementor-element-7ccd280 elementor-widget elementor-widget-heading\" data-id=\"7ccd280\" data-element_type=\"widget\" data-widget_type=\"heading.default\">\n\t\t\t\t<div class=\"elementor-widget-container\">\n\t\t\t\t\t<h2 class=\"elementor-heading-title elementor-size-default\">corporativos<\/h2>\t\t\t\t<\/div>\n\t\t\t\t<\/div>\n\t\t\t\t<\/div>\n\t\t\t\t\t<\/div>\n\t\t\t\t<\/div>\n\t\t<div class=\"elementor-element elementor-element-102b1ef e-flex e-con-boxed e-con e-parent\" data-id=\"102b1ef\" data-element_type=\"container\">\n\t\t\t\t\t<div class=\"e-con-inner\">\n\t\t<div class=\"elementor-element elementor-element-b85628a e-con-full e-flex e-con e-child\" data-id=\"b85628a\" data-element_type=\"container\">\n\t\t\t\t<div class=\"elementor-element elementor-element-dbbc82c elementor-widget elementor-widget-image\" data-id=\"dbbc82c\" data-element_type=\"widget\" data-widget_type=\"image.default\">\n\t\t\t\t<div class=\"elementor-widget-container\">\n\t\t\t\t\t\t\t\t\t\t\t\t\t\t\t<img decoding=\"async\" width=\"500\" height=\"500\" src=\"https:\/\/mivalle.net\/filtros\/wp-content\/uploads\/2025\/08\/valores-corporativos-filtros-y-filtros.png\" class=\"attachment-large size-large wp-image-18949\" alt=\"\" srcset=\"https:\/\/mivalle.net\/filtros\/wp-content\/uploads\/2025\/08\/valores-corporativos-filtros-y-filtros.png 500w, https:\/\/mivalle.net\/filtros\/wp-content\/uploads\/2025\/08\/valores-corporativos-filtros-y-filtros-300x300.png 300w, https:\/\/mivalle.net\/filtros\/wp-content\/uploads\/2025\/08\/valores-corporativos-filtros-y-filtros-150x150.png 150w, https:\/\/mivalle.net\/filtros\/wp-content\/uploads\/2025\/08\/valores-corporativos-filtros-y-filtros-410x410.png 410w, https:\/\/mivalle.net\/filtros\/wp-content\/uploads\/2025\/08\/valores-corporativos-filtros-y-filtros-100x100.png 100w, https:\/\/mivalle.net\/filtros\/wp-content\/uploads\/2025\/08\/valores-corporativos-filtros-y-filtros-160x160.png 160w, https:\/\/mivalle.net\/filtros\/wp-content\/uploads\/2025\/08\/valores-corporativos-filtros-y-filtros-96x96.png 96w\" sizes=\"(max-width: 500px) 100vw, 500px\" \/>\t\t\t\t\t\t\t\t\t\t\t\t\t\t\t<\/div>\n\t\t\t\t<\/div>\n\t\t\t\t<\/div>\n\t\t<div class=\"elementor-element elementor-element-dec742e e-con-full e-flex e-con e-child\" data-id=\"dec742e\" data-element_type=\"container\">\n\t\t\t\t<div class=\"elementor-element elementor-element-9cdebe5 elementor-widget elementor-widget-image\" data-id=\"9cdebe5\" data-element_type=\"widget\" data-widget_type=\"image.default\">\n\t\t\t\t<div class=\"elementor-widget-container\">\n\t\t\t\t\t\t\t\t\t\t\t\t\t\t\t<img decoding=\"async\" width=\"500\" height=\"500\" src=\"https:\/\/mivalle.net\/filtros\/wp-content\/uploads\/2025\/08\/valores-corporativos-filtros-y-filtros-02.png\" class=\"attachment-large size-large wp-image-18950\" alt=\"\" srcset=\"https:\/\/mivalle.net\/filtros\/wp-content\/uploads\/2025\/08\/valores-corporativos-filtros-y-filtros-02.png 500w, https:\/\/mivalle.net\/filtros\/wp-content\/uploads\/2025\/08\/valores-corporativos-filtros-y-filtros-02-300x300.png 300w, https:\/\/mivalle.net\/filtros\/wp-content\/uploads\/2025\/08\/valores-corporativos-filtros-y-filtros-02-150x150.png 150w, https:\/\/mivalle.net\/filtros\/wp-content\/uploads\/2025\/08\/valores-corporativos-filtros-y-filtros-02-410x410.png 410w, https:\/\/mivalle.net\/filtros\/wp-content\/uploads\/2025\/08\/valores-corporativos-filtros-y-filtros-02-100x100.png 100w, https:\/\/mivalle.net\/filtros\/wp-content\/uploads\/2025\/08\/valores-corporativos-filtros-y-filtros-02-160x160.png 160w, https:\/\/mivalle.net\/filtros\/wp-content\/uploads\/2025\/08\/valores-corporativos-filtros-y-filtros-02-96x96.png 96w\" sizes=\"(max-width: 500px) 100vw, 500px\" \/>\t\t\t\t\t\t\t\t\t\t\t\t\t\t\t<\/div>\n\t\t\t\t<\/div>\n\t\t\t\t<\/div>\n\t\t<div class=\"elementor-element elementor-element-c758bb4 e-con-full e-flex e-con e-child\" data-id=\"c758bb4\" data-element_type=\"container\">\n\t\t\t\t<div class=\"elementor-element elementor-element-ebfc5db elementor-widget elementor-widget-image\" data-id=\"ebfc5db\" data-element_type=\"widget\" data-widget_type=\"image.default\">\n\t\t\t\t<div class=\"elementor-widget-container\">\n\t\t\t\t\t\t\t\t\t\t\t\t\t\t\t<img loading=\"lazy\" decoding=\"async\" width=\"500\" height=\"500\" src=\"https:\/\/mivalle.net\/filtros\/wp-content\/uploads\/2025\/08\/valores-corporativos-filtros-y-filtros-03.png\" class=\"attachment-large size-large wp-image-18951\" alt=\"\" srcset=\"https:\/\/mivalle.net\/filtros\/wp-content\/uploads\/2025\/08\/valores-corporativos-filtros-y-filtros-03.png 500w, https:\/\/mivalle.net\/filtros\/wp-content\/uploads\/2025\/08\/valores-corporativos-filtros-y-filtros-03-300x300.png 300w, https:\/\/mivalle.net\/filtros\/wp-content\/uploads\/2025\/08\/valores-corporativos-filtros-y-filtros-03-150x150.png 150w, https:\/\/mivalle.net\/filtros\/wp-content\/uploads\/2025\/08\/valores-corporativos-filtros-y-filtros-03-410x410.png 410w, https:\/\/mivalle.net\/filtros\/wp-content\/uploads\/2025\/08\/valores-corporativos-filtros-y-filtros-03-100x100.png 100w, https:\/\/mivalle.net\/filtros\/wp-content\/uploads\/2025\/08\/valores-corporativos-filtros-y-filtros-03-160x160.png 160w, https:\/\/mivalle.net\/filtros\/wp-content\/uploads\/2025\/08\/valores-corporativos-filtros-y-filtros-03-96x96.png 96w\" sizes=\"(max-width: 500px) 100vw, 500px\" \/>\t\t\t\t\t\t\t\t\t\t\t\t\t\t\t<\/div>\n\t\t\t\t<\/div>\n\t\t\t\t<\/div>\n\t\t<div class=\"elementor-element elementor-element-75ca34d e-con-full e-flex e-con e-child\" data-id=\"75ca34d\" data-element_type=\"container\">\n\t\t\t\t<div class=\"elementor-element elementor-element-d00b7c2 elementor-widget elementor-widget-image\" data-id=\"d00b7c2\" data-element_type=\"widget\" data-widget_type=\"image.default\">\n\t\t\t\t<div class=\"elementor-widget-container\">\n\t\t\t\t\t\t\t\t\t\t\t\t\t\t\t<img loading=\"lazy\" decoding=\"async\" width=\"500\" height=\"500\" src=\"https:\/\/mivalle.net\/filtros\/wp-content\/uploads\/2025\/08\/valores-corporativos-filtros-y-filtros-04.png\" class=\"attachment-large size-large wp-image-18952\" alt=\"\" srcset=\"https:\/\/mivalle.net\/filtros\/wp-content\/uploads\/2025\/08\/valores-corporativos-filtros-y-filtros-04.png 500w, https:\/\/mivalle.net\/filtros\/wp-content\/uploads\/2025\/08\/valores-corporativos-filtros-y-filtros-04-300x300.png 300w, https:\/\/mivalle.net\/filtros\/wp-content\/uploads\/2025\/08\/valores-corporativos-filtros-y-filtros-04-150x150.png 150w, https:\/\/mivalle.net\/filtros\/wp-content\/uploads\/2025\/08\/valores-corporativos-filtros-y-filtros-04-410x410.png 410w, https:\/\/mivalle.net\/filtros\/wp-content\/uploads\/2025\/08\/valores-corporativos-filtros-y-filtros-04-100x100.png 100w, https:\/\/mivalle.net\/filtros\/wp-content\/uploads\/2025\/08\/valores-corporativos-filtros-y-filtros-04-160x160.png 160w, https:\/\/mivalle.net\/filtros\/wp-content\/uploads\/2025\/08\/valores-corporativos-filtros-y-filtros-04-96x96.png 96w\" sizes=\"(max-width: 500px) 100vw, 500px\" \/>\t\t\t\t\t\t\t\t\t\t\t\t\t\t\t<\/div>\n\t\t\t\t<\/div>\n\t\t\t\t<\/div>\n\t\t<div class=\"elementor-element elementor-element-5a695e2 e-con-full e-flex e-con e-child\" data-id=\"5a695e2\" data-element_type=\"container\">\n\t\t\t\t<div class=\"elementor-element elementor-element-20a0926 elementor-widget elementor-widget-image\" data-id=\"20a0926\" data-element_type=\"widget\" data-widget_type=\"image.default\">\n\t\t\t\t<div class=\"elementor-widget-container\">\n\t\t\t\t\t\t\t\t\t\t\t\t\t\t\t<img loading=\"lazy\" decoding=\"async\" width=\"500\" height=\"500\" src=\"https:\/\/mivalle.net\/filtros\/wp-content\/uploads\/2025\/08\/valores-corporativos-filtros-y-filtros-05.png\" class=\"attachment-large size-large wp-image-18953\" alt=\"\" srcset=\"https:\/\/mivalle.net\/filtros\/wp-content\/uploads\/2025\/08\/valores-corporativos-filtros-y-filtros-05.png 500w, https:\/\/mivalle.net\/filtros\/wp-content\/uploads\/2025\/08\/valores-corporativos-filtros-y-filtros-05-300x300.png 300w, https:\/\/mivalle.net\/filtros\/wp-content\/uploads\/2025\/08\/valores-corporativos-filtros-y-filtros-05-150x150.png 150w, https:\/\/mivalle.net\/filtros\/wp-content\/uploads\/2025\/08\/valores-corporativos-filtros-y-filtros-05-410x410.png 410w, https:\/\/mivalle.net\/filtros\/wp-content\/uploads\/2025\/08\/valores-corporativos-filtros-y-filtros-05-100x100.png 100w, https:\/\/mivalle.net\/filtros\/wp-content\/uploads\/2025\/08\/valores-corporativos-filtros-y-filtros-05-160x160.png 160w, https:\/\/mivalle.net\/filtros\/wp-content\/uploads\/2025\/08\/valores-corporativos-filtros-y-filtros-05-96x96.png 96w\" sizes=\"(max-width: 500px) 100vw, 500px\" \/>\t\t\t\t\t\t\t\t\t\t\t\t\t\t\t<\/div>\n\t\t\t\t<\/div>\n\t\t\t\t<\/div>\n\t\t<div class=\"elementor-element elementor-element-552bd58 e-con-full e-flex e-con e-child\" data-id=\"552bd58\" data-element_type=\"container\">\n\t\t\t\t<div class=\"elementor-element elementor-element-d8ecf47 elementor-widget elementor-widget-image\" data-id=\"d8ecf47\" data-element_type=\"widget\" data-widget_type=\"image.default\">\n\t\t\t\t<div class=\"elementor-widget-container\">\n\t\t\t\t\t\t\t\t\t\t\t\t\t\t\t<img loading=\"lazy\" decoding=\"async\" width=\"500\" height=\"500\" src=\"https:\/\/mivalle.net\/filtros\/wp-content\/uploads\/2025\/08\/valores-corporativos-filtros-y-filtros-06.png\" class=\"attachment-large size-large wp-image-18954\" alt=\"\" srcset=\"https:\/\/mivalle.net\/filtros\/wp-content\/uploads\/2025\/08\/valores-corporativos-filtros-y-filtros-06.png 500w, https:\/\/mivalle.net\/filtros\/wp-content\/uploads\/2025\/08\/valores-corporativos-filtros-y-filtros-06-300x300.png 300w, https:\/\/mivalle.net\/filtros\/wp-content\/uploads\/2025\/08\/valores-corporativos-filtros-y-filtros-06-150x150.png 150w, https:\/\/mivalle.net\/filtros\/wp-content\/uploads\/2025\/08\/valores-corporativos-filtros-y-filtros-06-410x410.png 410w, https:\/\/mivalle.net\/filtros\/wp-content\/uploads\/2025\/08\/valores-corporativos-filtros-y-filtros-06-100x100.png 100w, https:\/\/mivalle.net\/filtros\/wp-content\/uploads\/2025\/08\/valores-corporativos-filtros-y-filtros-06-160x160.png 160w, https:\/\/mivalle.net\/filtros\/wp-content\/uploads\/2025\/08\/valores-corporativos-filtros-y-filtros-06-96x96.png 96w\" sizes=\"(max-width: 500px) 100vw, 500px\" \/>\t\t\t\t\t\t\t\t\t\t\t\t\t\t\t<\/div>\n\t\t\t\t<\/div>\n\t\t\t\t<\/div>\n\t\t\t\t\t<\/div>\n\t\t\t\t<\/div>\n\t\t<div class=\"elementor-element elementor-element-7a7275f e-flex e-con-boxed e-con e-parent\" data-id=\"7a7275f\" data-element_type=\"container\">\n\t\t\t\t\t<div class=\"e-con-inner\">\n\t\t<div class=\"elementor-element elementor-element-85524fc e-con-full e-flex e-con e-child\" data-id=\"85524fc\" data-element_type=\"container\" data-settings=\"{&quot;background_background&quot;:&quot;classic&quot;}\">\n\t\t\t\t<div class=\"elementor-element elementor-element-a6c8c56 elementor-widget elementor-widget-heading\" data-id=\"a6c8c56\" data-element_type=\"widget\" data-widget_type=\"heading.default\">\n\t\t\t\t<div class=\"elementor-widget-container\">\n\t\t\t\t\t<h2 class=\"elementor-heading-title elementor-size-default\">Pol\u00edtica de privacidad y<\/h2>\t\t\t\t<\/div>\n\t\t\t\t<\/div>\n\t\t\t\t<div class=\"elementor-element elementor-element-aa7e2dd elementor-widget elementor-widget-heading\" data-id=\"aa7e2dd\" data-element_type=\"widget\" data-widget_type=\"heading.default\">\n\t\t\t\t<div class=\"elementor-widget-container\">\n\t\t\t\t\t<h2 class=\"elementor-heading-title elementor-size-default\">Confidencialidad de la informaci\u00f3n <\/h2>\t\t\t\t<\/div>\n\t\t\t\t<\/div>\n\t\t\t\t<div class=\"elementor-element elementor-element-b69a76d elementor-widget__width-initial elementor-widget elementor-widget-text-editor\" data-id=\"b69a76d\" data-element_type=\"widget\" data-widget_type=\"text-editor.default\">\n\t\t\t\t<div class=\"elementor-widget-container\">\n\t\t\t\t\t\t\t\t\t<p>En Filtros y Filtros estamos comprometidos con la pol\u00edtica y tratamiento de la informaci\u00f3n<\/p>\t\t\t\t\t\t\t\t<\/div>\n\t\t\t\t<\/div>\n\t\t\t\t<div class=\"elementor-element elementor-element-38c0895 elementor-widget elementor-widget-button\" data-id=\"38c0895\" data-element_type=\"widget\" data-widget_type=\"button.default\">\n\t\t\t\t<div class=\"elementor-widget-container\">\n\t\t\t\t\t\t\t\t\t<div class=\"elementor-button-wrapper\">\n\t\t\t\t\t<a class=\"elementor-button elementor-button-link elementor-size-sm\" href=\"#\">\n\t\t\t\t\t\t<span class=\"elementor-button-content-wrapper\">\n\t\t\t\t\t\t\t\t\t<span class=\"elementor-button-text\">Ver pol\u00edticas de privacidad<\/span>\n\t\t\t\t\t<\/span>\n\t\t\t\t\t<\/a>\n\t\t\t\t<\/div>\n\t\t\t\t\t\t\t\t<\/div>\n\t\t\t\t<\/div>\n\t\t\t\t<\/div>\n\t\t\t\t\t<\/div>\n\t\t\t\t<\/div>\n\t\t\t\t<\/div>\n\t\t","protected":false},"excerpt":{"rendered":"<p>Somos Filtros y filtros Ofrecemos Filtros, lubricantes, refrigerantes y productos para el mantenimiento y embellecimiento de veh\u00edculos y equipos. Nos mueve el aportar a nuestros clientes en el crecimiento de la rentabilidad de sus negocios a trav\u00e9s de soluciones probadamente eficaces por su innovaci\u00f3n, calidad y soporte t\u00e9cnico, convirti\u00e9ndonos en el aliado ideal para el\u00a0 &hellip; <br \/><a href=\"https:\/\/mivalle.net\/filtros\/nosotros\/\" class=\"more-link\">Continue reading <span class=\"screen-reader-text\">Nosotros<\/span><\/a><\/p>\n","protected":false},"author":1,"featured_media":18762,"parent":0,"menu_order":0,"comment_status":"closed","ping_status":"closed","template":"","meta":{"footnotes":""},"class_list":["post-18674","page","type-page","status-publish","has-post-thumbnail","hentry"],"jetpack_sharing_enabled":true,"_links":{"self":[{"href":"https:\/\/mivalle.net\/filtros\/wp-json\/wp\/v2\/pages\/18674","targetHints":{"allow":["GET"]}}],"collection":[{"href":"https:\/\/mivalle.net\/filtros\/wp-json\/wp\/v2\/pages"}],"about":[{"href":"https:\/\/mivalle.net\/filtros\/wp-json\/wp\/v2\/types\/page"}],"author":[{"embeddable":true,"href":"https:\/\/mivalle.net\/filtros\/wp-json\/wp\/v2\/users\/1"}],"replies":[{"embeddable":true,"href":"https:\/\/mivalle.net\/filtros\/wp-json\/wp\/v2\/comments?post=18674"}],"version-history":[{"count":40,"href":"https:\/\/mivalle.net\/filtros\/wp-json\/wp\/v2\/pages\/18674\/revisions"}],"predecessor-version":[{"id":19178,"href":"https:\/\/mivalle.net\/filtros\/wp-json\/wp\/v2\/pages\/18674\/revisions\/19178"}],"wp:featuredmedia":[{"embeddable":true,"href":"https:\/\/mivalle.net\/filtros\/wp-json\/wp\/v2\/media\/18762"}],"wp:attachment":[{"href":"https:\/\/mivalle.net\/filtros\/wp-json\/wp\/v2\/media?parent=18674"}],"curies":[{"name":"wp","href":"https:\/\/api.w.org\/{rel}","templated":true}]}}